{"id":29,"date":"2022-11-21T15:32:27","date_gmt":"2022-11-21T15:32:27","guid":{"rendered":"https:\/\/irenevanegmond.nl\/?page_id=29"},"modified":"2025-01-26T16:17:17","modified_gmt":"2025-01-26T16:17:17","slug":"wat-doe-ik-als-holistisch-coach","status":"publish","type":"page","link":"https:\/\/irenevanegmond.nl\/?page_id=29","title":{"rendered":"Contact"},"content":{"rendered":"<p>[et_pb_section fb_built=&#8221;1&#8243; _builder_version=&#8221;4.6.5&#8243; _module_preset=&#8221;default&#8221; background_color=&#8221;RGBA(0,0,0,0)&#8221; use_background_color_gradient=&#8221;on&#8221; background_image=&#8221;https:\/\/irenevanegmond.nl\/wp-content\/uploads\/2024\/03\/2.png&#8221; custom_padding=&#8221;184px||||false|false&#8221;][\/et_pb_section][et_pb_section fb_built=&#8221;1&#8243; _builder_version=&#8221;4.6.5&#8243; _module_preset=&#8221;default&#8221; background_color=&#8221;RGBA(0,0,0,0)&#8221; background_enable_image=&#8221;off&#8221; background_size=&#8221;initial&#8221; background_position=&#8221;bottom_right&#8221; min_height=&#8221;515px&#8221; custom_padding=&#8221;2vh||||false|false&#8221;][et_pb_row column_structure=&#8221;1_3,1_3,1_3&#8243; _builder_version=&#8221;4.6.5&#8243; _module_preset=&#8221;default&#8221; background_color=&#8221;#ebe4e4&#8243;][et_pb_column type=&#8221;1_3&#8243; _builder_version=&#8221;4.9.7&#8243; _module_preset=&#8221;default&#8221;][et_pb_text _builder_version=&#8221;4.6.5&#8243; _module_preset=&#8221;default&#8221; text_font=&#8221;|300|||||||&#8221; text_text_color=&#8221;#000000&#8243; text_font_size=&#8221;19px&#8221; link_font=&#8221;Quicksand||||on|||#000000|&#8221; link_text_color=&#8221;#000000&#8243; header_font=&#8221;|300||on|||||&#8221; header_text_color=&#8221;#000000&#8243; header_2_font=&#8221;|300||on|||||&#8221; header_2_font_size=&#8221;40px&#8221; header_2_line_height=&#8221;1.2em&#8221; header_3_font=&#8221;||||||||&#8221; header_3_font_size=&#8221;30px&#8221; header_3_line_height=&#8221;1.3em&#8221; header_4_font=&#8221;Quicksand|700|||||||&#8221; header_4_font_size=&#8221;20px&#8221; background_color=&#8221;#e3eef2&#8243; module_alignment=&#8221;left&#8221; custom_padding=&#8221;||||false|false&#8221; custom_padding_tablet=&#8221;||||false|false&#8221; custom_padding_phone=&#8221;||||false|false&#8221; custom_padding_last_edited=&#8221;on|phone&#8221; header_text_color_tablet=&#8221;&#8221; header_text_color_phone=&#8221;&#8221; header_text_color_last_edited=&#8221;on|desktop&#8221; header_font_size_tablet=&#8221;44px&#8221; header_font_size_phone=&#8221;&#8221; header_font_size_last_edited=&#8221;on|phone&#8221; header_2_font_size_tablet=&#8221;34px&#8221; header_2_font_size_phone=&#8221;34px&#8221; header_2_font_size_last_edited=&#8221;on|tablet&#8221; header_2_font_size__sticky_enabled=&#8221;off|desktop&#8221;]<\/p>\n<h3>Neem contact op<\/h3>\n<p>[\/et_pb_text][et_pb_blurb use_icon=&#8221;on&#8221; font_icon=&#8221;%%109%%&#8221; icon_placement=&#8221;left&#8221; use_icon_font_size=&#8221;on&#8221; icon_font_size=&#8221;26px&#8221; _builder_version=&#8221;4.6.5&#8243; _module_preset=&#8221;cc060099-8014-4eb3-8b5e-d871873a39b9&#8243; header_level=&#8221;h3&#8243; header_font=&#8221;Quicksand|700|||||||&#8221; header_text_color=&#8221;#f9f7f5&#8243; header_font_size=&#8221;20px&#8221; header_line_height=&#8221;1.3em&#8221; body_font=&#8221;|300|||||||&#8221; body_text_color=&#8221;#000000&#8243; body_font_size=&#8221;20px&#8221; body_link_font=&#8221;||||on||||&#8221; background_layout=&#8221;dark&#8221;][\/et_pb_blurb][et_pb_blurb title=&#8221;_soulfari_&#8221; url=&#8221;https:\/\/instagram.com\/irene_vanegmond&#8221; use_icon=&#8221;on&#8221; font_icon=&#8221;%%298%%&#8221; icon_placement=&#8221;left&#8221; use_icon_font_size=&#8221;on&#8221; icon_font_size=&#8221;26px&#8221; _builder_version=&#8221;4.6.5&#8243; _module_preset=&#8221;cc060099-8014-4eb3-8b5e-d871873a39b9&#8243; header_level=&#8221;h3&#8243; header_font=&#8221;Quicksand|700|||||||&#8221; header_text_color=&#8221;#000000&#8243; header_font_size=&#8221;20px&#8221; header_line_height=&#8221;1.3em&#8221; body_font=&#8221;|300|||||||&#8221; body_text_color=&#8221;#000000&#8243; body_font_size=&#8221;20px&#8221; body_link_font=&#8221;||||on||||&#8221;][\/et_pb_blurb][et_pb_blurb title=&#8221;06-13511598&#8243; url=&#8221;https:\/\/instagram.com\/irene_vanegmond&#8221; use_icon=&#8221;on&#8221; font_icon=&#8221;%%264%%&#8221; icon_placement=&#8221;left&#8221; use_icon_font_size=&#8221;on&#8221; icon_font_size=&#8221;26px&#8221; font_icon_last_edited=&#8221;off|desktop&#8221; _builder_version=&#8221;4.6.5&#8243; _module_preset=&#8221;cc060099-8014-4eb3-8b5e-d871873a39b9&#8243; header_level=&#8221;h3&#8243; header_font=&#8221;Quicksand|700|||||||&#8221; header_text_color=&#8221;#000000&#8243; header_font_size=&#8221;20px&#8221; header_line_height=&#8221;1.3em&#8221; body_font=&#8221;|300|||||||&#8221; body_text_color=&#8221;#000000&#8243; body_font_size=&#8221;20px&#8221; body_link_font=&#8221;||||on||||&#8221;][\/et_pb_blurb][et_pb_blurb url=&#8221;https:\/\/www.linkedin.com\/in\/irene-van-egmond-4b9748160\/&#8221; use_icon=&#8221;on&#8221; font_icon=&#8221;%%301%%&#8221; icon_placement=&#8221;left&#8221; use_icon_font_size=&#8221;on&#8221; icon_font_size=&#8221;26px&#8221; _builder_version=&#8221;4.6.5&#8243; _module_preset=&#8221;cc060099-8014-4eb3-8b5e-d871873a39b9&#8243; header_level=&#8221;h3&#8243; header_font=&#8221;Quicksand|700|||||||&#8221; header_text_color=&#8221;#000000&#8243; header_font_size=&#8221;20px&#8221; header_line_height=&#8221;1.3em&#8221; body_font=&#8221;|300|||||||&#8221; body_text_color=&#8221;#000000&#8243; body_font_size=&#8221;20px&#8221; body_link_font=&#8221;||||on||||&#8221;]<\/p>\n<p>LinkedIn<\/p>\n<p>[\/et_pb_blurb][et_pb_divider show_divider=&#8221;off&#8221; _builder_version=&#8221;4.9.7&#8243; _module_preset=&#8221;default&#8221; height=&#8221;4vh&#8221;][\/et_pb_divider][\/et_pb_column][et_pb_column type=&#8221;1_3&#8243; _builder_version=&#8221;4.6.5&#8243; _module_preset=&#8221;default&#8221;][et_pb_text _builder_version=&#8221;4.6.5&#8243; _module_preset=&#8221;default&#8221;]<\/p>\n<p><span>Ons eerste gesprek is een belangrijke stap op weg naar positieve verandering en groei. Het is mijn doel om een veilige en ondersteunende ruimte te bieden waarin we kunnen verkennen waarmee ik je het beste kan helpen op jouw welzijnsreis.<\/span><\/p>\n<p>[\/et_pb_text][\/et_pb_column][et_pb_column type=&#8221;1_3&#8243; _builder_version=&#8221;4.9.7&#8243; _module_preset=&#8221;default&#8221;][et_pb_text _builder_version=&#8221;4.9.7&#8243; _module_preset=&#8221;default&#8221; text_font=&#8221;|300|||||||&#8221; text_text_color=&#8221;#000000&#8243; text_font_size=&#8221;19px&#8221; link_font=&#8221;Quicksand||||on|||#000000|&#8221; link_text_color=&#8221;#000000&#8243; header_font=&#8221;|300||on|||||&#8221; header_text_color=&#8221;#000000&#8243; header_2_font=&#8221;|300||on|||||&#8221; header_2_font_size=&#8221;40px&#8221; header_2_line_height=&#8221;1.2em&#8221; header_3_font=&#8221;||||||||&#8221; header_3_font_size=&#8221;30px&#8221; header_3_line_height=&#8221;1.3em&#8221; header_4_font=&#8221;Quicksand|700|||||||&#8221; header_4_font_size=&#8221;20px&#8221; module_alignment=&#8221;left&#8221; custom_padding=&#8221;||||false|false&#8221; custom_padding_tablet=&#8221;||||false|false&#8221; custom_padding_phone=&#8221;||||false|false&#8221; custom_padding_last_edited=&#8221;on|phone&#8221; header_text_color_tablet=&#8221;&#8221; header_text_color_phone=&#8221;&#8221; header_text_color_last_edited=&#8221;on|desktop&#8221; header_font_size_tablet=&#8221;44px&#8221; header_font_size_phone=&#8221;&#8221; header_font_size_last_edited=&#8221;on|phone&#8221; header_2_font_size_tablet=&#8221;34px&#8221; header_2_font_size_phone=&#8221;34px&#8221; header_2_font_size_last_edited=&#8221;on|tablet&#8221; header_2_font_size__sticky_enabled=&#8221;off|desktop&#8221;]<\/p>\n<h3>Stuur direct een e-mail<\/h3>\n<p>[\/et_pb_text][et_pb_contact_form email=&#8221;vanegmondim@gmail.com&#8221; _builder_version=&#8221;4.6.5&#8243; _module_preset=&#8221;default&#8221; form_field_background_color=&#8221;#FFFFFF&#8221; form_field_text_color=&#8221;#8e8e8e&#8221; form_field_focus_background_color=&#8221;#FFFFFF&#8221; form_field_focus_text_color=&#8221;#000000&#8243; title_level=&#8221;h3&#8243; title_font=&#8221;Quicksand|700|||||||&#8221; title_font_size=&#8221;20px&#8221; captcha_text_color=&#8221;#5A5A5A&#8221; captcha_font_size=&#8221;14px&#8221; form_field_font=&#8221;|300|||||||&#8221; form_field_font_size=&#8221;17px&#8221; custom_button=&#8221;on&#8221; button_text_size=&#8221;18px&#8221; button_text_color=&#8221;#FFFFFF&#8221; border_radii=&#8221;on|3px|3px|3px|3px&#8221; border_width_all=&#8221;1px&#8221; border_color_all=&#8221;#d9d9d9&#8243; form_field_focus_text_color__hover_enabled=&#8221;on|hover&#8221;][et_pb_contact_field field_id=&#8221;Name&#8221; field_title=&#8221;Naam&#8221; _builder_version=&#8221;3.16&#8243; button_text_size__hover_enabled=&#8221;off&#8221; button_one_text_size__hover_enabled=&#8221;off&#8221; button_two_text_size__hover_enabled=&#8221;off&#8221; button_text_color__hover_enabled=&#8221;off&#8221; button_one_text_color__hover_enabled=&#8221;off&#8221; button_two_text_color__hover_enabled=&#8221;off&#8221; button_border_width__hover_enabled=&#8221;off&#8221; button_one_border_width__hover_enabled=&#8221;off&#8221; button_two_border_width__hover_enabled=&#8221;off&#8221; button_border_color__hover_enabled=&#8221;off&#8221; button_one_border_color__hover_enabled=&#8221;off&#8221; button_two_border_color__hover_enabled=&#8221;off&#8221; button_border_radius__hover_enabled=&#8221;off&#8221; button_one_border_radius__hover_enabled=&#8221;off&#8221; button_two_border_radius__hover_enabled=&#8221;off&#8221; button_letter_spacing__hover_enabled=&#8221;off&#8221; button_one_letter_spacing__hover_enabled=&#8221;off&#8221; button_two_letter_spacing__hover_enabled=&#8221;off&#8221; button_bg_color__hover_enabled=&#8221;off&#8221; button_one_bg_color__hover_enabled=&#8221;off&#8221; button_two_bg_color__hover_enabled=&#8221;off&#8221;][\/et_pb_contact_field][et_pb_contact_field field_id=&#8221;Email&#8221; field_title=&#8221;E-mailadres&#8221; field_type=&#8221;email&#8221; _builder_version=&#8221;3.16&#8243; button_text_size__hover_enabled=&#8221;off&#8221; button_one_text_size__hover_enabled=&#8221;off&#8221; button_two_text_size__hover_enabled=&#8221;off&#8221; button_text_color__hover_enabled=&#8221;off&#8221; button_one_text_color__hover_enabled=&#8221;off&#8221; button_two_text_color__hover_enabled=&#8221;off&#8221; button_border_width__hover_enabled=&#8221;off&#8221; button_one_border_width__hover_enabled=&#8221;off&#8221; button_two_border_width__hover_enabled=&#8221;off&#8221; button_border_color__hover_enabled=&#8221;off&#8221; button_one_border_color__hover_enabled=&#8221;off&#8221; button_two_border_color__hover_enabled=&#8221;off&#8221; button_border_radius__hover_enabled=&#8221;off&#8221; button_one_border_radius__hover_enabled=&#8221;off&#8221; button_two_border_radius__hover_enabled=&#8221;off&#8221; button_letter_spacing__hover_enabled=&#8221;off&#8221; button_one_letter_spacing__hover_enabled=&#8221;off&#8221; button_two_letter_spacing__hover_enabled=&#8221;off&#8221; button_bg_color__hover_enabled=&#8221;off&#8221; button_one_bg_color__hover_enabled=&#8221;off&#8221; button_two_bg_color__hover_enabled=&#8221;off&#8221;][\/et_pb_contact_field][et_pb_contact_field field_id=&#8221;Message&#8221; field_title=&#8221;Bericht&#8221; field_type=&#8221;text&#8221; fullwidth_field=&#8221;on&#8221; _builder_version=&#8221;3.16&#8243; button_text_size__hover_enabled=&#8221;off&#8221; button_one_text_size__hover_enabled=&#8221;off&#8221; button_two_text_size__hover_enabled=&#8221;off&#8221; button_text_color__hover_enabled=&#8221;off&#8221; button_one_text_color__hover_enabled=&#8221;off&#8221; button_two_text_color__hover_enabled=&#8221;off&#8221; button_border_width__hover_enabled=&#8221;off&#8221; button_one_border_width__hover_enabled=&#8221;off&#8221; button_two_border_width__hover_enabled=&#8221;off&#8221; button_border_color__hover_enabled=&#8221;off&#8221; button_one_border_color__hover_enabled=&#8221;off&#8221; button_two_border_color__hover_enabled=&#8221;off&#8221; button_border_radius__hover_enabled=&#8221;off&#8221; button_one_border_radius__hover_enabled=&#8221;off&#8221; button_two_border_radius__hover_enabled=&#8221;off&#8221; button_letter_spacing__hover_enabled=&#8221;off&#8221; button_one_letter_spacing__hover_enabled=&#8221;off&#8221; button_two_letter_spacing__hover_enabled=&#8221;off&#8221; button_bg_color__hover_enabled=&#8221;off&#8221; button_one_bg_color__hover_enabled=&#8221;off&#8221; button_two_bg_color__hover_enabled=&#8221;off&#8221;][\/et_pb_contact_field][\/et_pb_contact_form][\/et_pb_column][\/et_pb_row][\/et_pb_section]<\/p>\n","protected":false},"excerpt":{"rendered":"<p>[et_pb_section fb_built=&#8221;1&#8243; _builder_version=&#8221;4.6.5&#8243; _module_preset=&#8221;default&#8221; background_color=&#8221;RGBA(0,0,0,0)&#8221; use_background_color_gradient=&#8221;on&#8221; background_image=&#8221;https:\/\/irenevanegmond.nl\/wp-content\/uploads\/2024\/03\/2.png&#8221; custom_padding=&#8221;184px||||false|false&#8221;][\/et_pb_section][et_pb_section fb_built=&#8221;1&#8243; _builder_version=&#8221;4.6.5&#8243; _module_preset=&#8221;default&#8221; background_color=&#8221;RGBA(0,0,0,0)&#8221; background_enable_image=&#8221;off&#8221; background_size=&#8221;initial&#8221; background_position=&#8221;bottom_right&#8221; min_height=&#8221;515px&#8221; custom_padding=&#8221;2vh||||false|false&#8221;][et_pb_row column_structure=&#8221;1_3,1_3,1_3&#8243; _builder_version=&#8221;4.6.5&#8243; _module_preset=&#8221;default&#8221; background_color=&#8221;#ebe4e4&#8243;][et_pb_column type=&#8221;1_3&#8243; _builder_version=&#8221;4.9.7&#8243; _module_preset=&#8221;default&#8221;][et_pb_text _builder_version=&#8221;4.6.5&#8243; _module_preset=&#8221;default&#8221; text_font=&#8221;|300|||||||&#8221; text_text_color=&#8221;#000000&#8243; text_font_size=&#8221;19px&#8221; link_font=&#8221;Quicksand||||on|||#000000|&#8221; link_text_color=&#8221;#000000&#8243; header_font=&#8221;|300||on|||||&#8221; header_text_color=&#8221;#000000&#8243; header_2_font=&#8221;|300||on|||||&#8221; header_2_font_size=&#8221;40px&#8221; header_2_line_height=&#8221;1.2em&#8221; header_3_font=&#8221;||||||||&#8221; header_3_font_size=&#8221;30px&#8221; header_3_line_height=&#8221;1.3em&#8221; header_4_font=&#8221;Quicksand|700|||||||&#8221; header_4_font_size=&#8221;20px&#8221; background_color=&#8221;#e3eef2&#8243; module_alignment=&#8221;left&#8221; custom_padding=&#8221;||||false|false&#8221; custom_padding_tablet=&#8221;||||false|false&#8221; custom_padding_phone=&#8221;||||false|false&#8221; custom_padding_last_edited=&#8221;on|phone&#8221; header_text_color_tablet=&#8221;&#8221; header_text_color_phone=&#8221;&#8221; header_text_color_last_edited=&#8221;on|desktop&#8221; header_font_size_tablet=&#8221;44px&#8221; header_font_size_phone=&#8221;&#8221; header_font_size_last_edited=&#8221;on|phone&#8221; header_2_font_size_tablet=&#8221;34px&#8221; header_2_font_size_phone=&#8221;34px&#8221; [&hellip;]<\/p>\n","protected":false},"author":1,"featured_media":0,"parent":0,"menu_order":0,"comment_status":"closed","ping_status":"closed","template":"","meta":{"_et_pb_use_builder":"on","_et_pb_old_content":"<!-- wp:paragraph -->\r\n<p>Veel mensen weten niet goed wat ze met de term aanmoeten. En om het simpel te houden is dit hoe ik het zie: we gaan voorbij aan de mentale kant en duiken ook een stukje het onderbewuste in, want op dit niveau spelen er vaak een hoop dingen waarbij na enig onderzoek we een kern te pakken hebben en hiermee kunnen gaan werken.<\/p>\r\n<!-- \/wp:paragraph --><!-- wp:list -->\r\n<ul><!-- wp:list-item -->\r\n<li>Ik ben hier om jouw\u00a0te begeleiden met vragen op alle levensgebieden. De begeleiding naar gezondheid en welzijn staat hierin centraal.\u00a0Door jou in verbinding te brengen met je intu\u00eftie zetten we het proces in gang.<\/li>\r\n<!-- \/wp:list-item --><!-- wp:list-item -->\r\n<li>Samen werken we aan jouw bewustwording en persoonlijke groei. Resultaten die dit opleveren kunnen zijn: het vergroten van je zelfvertrouwen, en\u00a0het exploreren, ontwikkelen en toepassen van je eigen kracht en mogelijkheden.<\/li>\r\n<!-- \/wp:list-item --><!-- wp:list-item -->\r\n<li>Met de holistische visie achterhaal ik de oorzaak van je klachten, obstakels en belemmeringen. Dit is een diepgaand onderzoek op alle holistische niveaus (fysiek, emotioneel, mentaal, energetisch en spiritueel) en hiermee komen we bij de kern van jouw probleem.<\/li>\r\n<!-- \/wp:list-item --><!-- wp:list-item -->\r\n<li>Ik bied een gelijkwaardige \u00e9\u00e9n op \u00e9\u00e9n relatie. Een leerproces waarbij verandering door inzicht en gedragsverandering ontstaat.\u00a0Ik hanteer een liefdevolle, oordeelvrije maar zeker ook effectieve wijze van begeleiden in jouw proces naar gezondheid en geluk.<\/li>\r\n<!-- \/wp:list-item --><\/ul>\r\n<!-- \/wp:list --><!-- wp:paragraph -->\r\n<p>\u00a0<\/p>\r\n<!-- \/wp:paragraph --><!-- wp:heading {\"level\":3} -->\r\n<h3>\u00a0<\/h3>\r\n<!-- \/wp:heading -->","_et_gb_content_width":"","footnotes":""},"class_list":["post-29","page","type-page","status-publish","hentry"],"_links":{"self":[{"href":"https:\/\/irenevanegmond.nl\/index.php?rest_route=\/wp\/v2\/pages\/29","targetHints":{"allow":["GET"]}}],"collection":[{"href":"https:\/\/irenevanegmond.nl\/index.php?rest_route=\/wp\/v2\/pages"}],"about":[{"href":"https:\/\/irenevanegmond.nl\/index.php?rest_route=\/wp\/v2\/types\/page"}],"author":[{"embeddable":true,"href":"https:\/\/irenevanegmond.nl\/index.php?rest_route=\/wp\/v2\/users\/1"}],"replies":[{"embeddable":true,"href":"https:\/\/irenevanegmond.nl\/index.php?rest_route=%2Fwp%2Fv2%2Fcomments&post=29"}],"version-history":[{"count":22,"href":"https:\/\/irenevanegmond.nl\/index.php?rest_route=\/wp\/v2\/pages\/29\/revisions"}],"predecessor-version":[{"id":3102,"href":"https:\/\/irenevanegmond.nl\/index.php?rest_route=\/wp\/v2\/pages\/29\/revisions\/3102"}],"wp:attachment":[{"href":"https:\/\/irenevanegmond.nl\/index.php?rest_route=%2Fwp%2Fv2%2Fmedia&parent=29"}],"curies":[{"name":"wp","href":"https:\/\/api.w.org\/{rel}","templated":true}]}}